{"id":249,"date":"2025-10-10T19:26:28","date_gmt":"2025-10-10T19:26:28","guid":{"rendered":"https:\/\/ceproban.hn\/?page_id=249"},"modified":"2025-11-05T04:38:18","modified_gmt":"2025-11-05T04:38:18","slug":"ruta-de-transito","status":"publish","type":"page","link":"https:\/\/ceproban.hn\/index.php\/ruta-de-transito\/","title":{"rendered":"Ruta de Transito"},"content":{"rendered":"\t\t<div data-elementor-type=\"wp-page\" data-elementor-id=\"249\" class=\"elementor elementor-249\" data-elementor-post-type=\"page\">\n\t\t\t\t<div class=\"elementor-element elementor-element-42fb795 e-flex e-con-boxed e-con e-parent\" data-id=\"42fb795\" data-element_type=\"container\" data-e-type=\"container\">\n\t\t\t\t\t<div class=\"e-con-inner\">\n\t\t<div class=\"elementor-element elementor-element-9ea7a1c e-con-full e-flex e-con e-child\" data-id=\"9ea7a1c\" data-element_type=\"container\" data-e-type=\"container\">\n\t\t\t\t<div class=\"elementor-element elementor-element-445df79 elementor-widget elementor-widget-spacer\" data-id=\"445df79\" data-element_type=\"widget\" data-e-type=\"widget\" data-widget_type=\"spacer.default\">\n\t\t\t\t\t\t\t<div class=\"elementor-spacer\">\n\t\t\t<div class=\"elementor-spacer-inner\"><\/div>\n\t\t<\/div>\n\t\t\t\t\t\t<\/div>\n\t\t\t\t<div class=\"elementor-element elementor-element-93dd749 elementor-invisible elementor-widget elementor-widget-heading\" data-id=\"93dd749\" data-element_type=\"widget\" data-e-type=\"widget\" data-settings=\"{&quot;_animation&quot;:&quot;fadeInDown&quot;}\" data-widget_type=\"heading.default\">\n\t\t\t\t\t<h1 class=\"elementor-heading-title elementor-size-default\">    RUTA DE TRANSITO\n<\/h1>\t\t\t\t<\/div>\n\t\t\t\t<div class=\"elementor-element elementor-element-14d7cd4 elementor-widget elementor-widget-text-editor\" data-id=\"14d7cd4\" data-element_type=\"widget\" data-e-type=\"widget\" data-widget_type=\"text-editor.default\">\n\t\t\t\t\t\t\t\t\t<p><strong>En cumplimiento del Articulo 4, numeral 15 de las Normas Operativas de la C\u00e1mara de Compensaci\u00f3n de Transacciones Electr\u00f3nicas de Pago.<\/strong><\/p>\t\t\t\t\t\t\t\t<\/div>\n\t\t\t\t<div class=\"elementor-element elementor-element-6d2b0f7 elementor-widget-divider--view-line elementor-invisible elementor-widget elementor-widget-divider\" data-id=\"6d2b0f7\" data-element_type=\"widget\" data-e-type=\"widget\" data-settings=\"{&quot;_animation&quot;:&quot;fadeIn&quot;}\" data-widget_type=\"divider.default\">\n\t\t\t\t\t\t\t<div class=\"elementor-divider\">\n\t\t\t<span class=\"elementor-divider-separator\">\n\t\t\t\t\t\t<\/span>\n\t\t<\/div>\n\t\t\t\t\t\t<\/div>\n\t\t\t\t<div class=\"elementor-element elementor-element-b03b0fe elementor-invisible elementor-widget elementor-widget-text-editor\" data-id=\"b03b0fe\" data-element_type=\"widget\" data-e-type=\"widget\" data-settings=\"{&quot;_animation&quot;:&quot;fadeInUp&quot;}\" data-widget_type=\"text-editor.default\">\n\t\t\t\t\t\t\t\t\t<h2>Lempiras \/ Dolares<\/h2>\t\t\t\t\t\t\t\t<\/div>\n\t\t\t\t<\/div>\n\t\t\t\t\t<\/div>\n\t\t\t\t<\/div>\n\t\t<div class=\"elementor-element elementor-element-7b1b335 e-flex e-con-boxed e-con e-parent\" data-id=\"7b1b335\" data-element_type=\"container\" data-e-type=\"container\">\n\t\t\t\t\t<div class=\"e-con-inner\">\n\t\t<div class=\"elementor-element elementor-element-80fbc44 e-con-full e-flex elementor-invisible e-con e-child\" data-id=\"80fbc44\" data-element_type=\"container\" data-e-type=\"container\" data-settings=\"{&quot;animation&quot;:&quot;fadeInUp&quot;}\">\n\t\t\t\t<div class=\"elementor-element elementor-element-5816366 elementor-widget elementor-widget-Table\" data-id=\"5816366\" data-element_type=\"widget\" data-e-type=\"widget\" data-widget_type=\"Table.default\">\n\t\t\t\t<div class=\"elementor-widget-container\">\n\t\t\t\t\t\t\t<table class=\"tafe-table \">\n\t\t\t<thead  class=\"tafe-table-header\">\n\t\t\t\t<tr>\n\t\t\t\t\t<th class=\"elementor-inline-editing elementor-repeater-item-ce2ab50\"   >Codigo<\/th><th class=\"elementor-inline-editing elementor-repeater-item-054acb2\"   >Banco<\/th><th class=\"elementor-inline-editing elementor-repeater-item-030ea20\"   >Ruta de Transito<\/th><th class=\"elementor-inline-editing elementor-repeater-item-45dffb2\"   >Telefono<\/th>\t\t\t\t<\/tr>\n\t\t\t<\/thead>\n\t\t\t\t\t\t<tbody class=\"tafe-table-body\">\n\t\t\t\t<tr>\n\t\t\t\t\t<td data-label=\"Codigo\"   class=\"elementor-repeater-item-d45ab03 td-content-type-default\" >1<\/td><td data-label=\"Banco\"   class=\"elementor-repeater-item-d40d040 td-content-type-default\" >Banco Central de Honduras<\/td><td data-label=\"Ruta de Transito\"   class=\"elementor-repeater-item-c3e0730 td-content-type-default\" >1001010<\/td><td data-label=\"Telefono\"   class=\"elementor-repeater-item-d25dbaa td-content-type-default\" >2262-3702<\/td><\/tr><tr><td data-label=\"Codigo\"   class=\"elementor-repeater-item-792e9cd td-content-type-default\" >2<\/td><td data-label=\"Banco\"   class=\"elementor-repeater-item-53917bf td-content-type-default\" >Banco Atlantida<\/td><td data-label=\"Ruta de Transito\"   class=\"elementor-repeater-item-04b5925 td-content-type-default\" >1001020<\/td><td data-label=\"Telefono\"   class=\"elementor-repeater-item-b22117c td-content-type-default\" >2280-1010<\/td><\/tr><tr><td data-label=\"Codigo\"   class=\"elementor-repeater-item-4cfcb5f td-content-type-default\" >6<\/td><td data-label=\"Banco\"   class=\"elementor-repeater-item-191465c td-content-type-default\" >Banco Cuscatl\u00e1n<\/td><td data-label=\"Ruta de Transito\"   class=\"elementor-repeater-item-868fd7a td-content-type-default\" >1001060<\/td><td data-label=\"Telefono\"   class=\"elementor-repeater-item-76e2b3d td-content-type-default\" >2238-4421<\/td><\/tr><tr><td data-label=\"Codigo\"   class=\"elementor-repeater-item-9fac3ed td-content-type-default\" >7<\/td><td data-label=\"Banco\"   class=\"elementor-repeater-item-151a31f td-content-type-default\" >Banco de Occidente<\/td><td data-label=\"Ruta de Transito\"   class=\"elementor-repeater-item-fa7738e td-content-type-default\" >1001070<\/td><td data-label=\"Telefono\"   class=\"elementor-repeater-item-7e0dc72 td-content-type-default\" >2290-7000<\/td><\/tr><tr><td data-label=\"Codigo\"   class=\"elementor-repeater-item-2648f41 td-content-type-default\" >13<\/td><td data-label=\"Banco\"   class=\"elementor-repeater-item-aabb361 td-content-type-default\" >Citi Bank<\/td><td data-label=\"Ruta de Transito\"   class=\"elementor-repeater-item-2ba56d4 td-content-type-default\" >1001130<\/td><td data-label=\"Telefono\"   class=\"elementor-repeater-item-7232a1e td-content-type-default\" >2290-0130<\/td><\/tr><tr><td data-label=\"Codigo\"   class=\"elementor-repeater-item-1800b88 td-content-type-default\" >14<\/td><td data-label=\"Banco\"   class=\"elementor-repeater-item-353d56a td-content-type-default\" >Banco Hondure\u00f1o del Caf\u00e9<\/td><td data-label=\"Ruta de Transito\"   class=\"elementor-repeater-item-af10798 td-content-type-default\" >1001140<\/td><td data-label=\"Telefono\"   class=\"elementor-repeater-item-9d05700 td-content-type-default\" >2239-8370<\/td><\/tr><tr><td data-label=\"Codigo\"   class=\"elementor-repeater-item-cf2df3f td-content-type-default\" >15<\/td><td data-label=\"Banco\"   class=\"elementor-repeater-item-d770d10 td-content-type-default\" >Banco del Pais<\/td><td data-label=\"Ruta de Transito\"   class=\"elementor-repeater-item-4af4d6a td-content-type-default\" >1001150<\/td><td data-label=\"Telefono\"   class=\"elementor-repeater-item-6cd6cfe td-content-type-default\" >2545-1212<\/td><\/tr><tr><td data-label=\"Codigo\"   class=\"elementor-repeater-item-2fa57e1 td-content-type-default\" >17<\/td><td data-label=\"Banco\"   class=\"elementor-repeater-item-935edda td-content-type-default\" >Banco Lafise<\/td><td data-label=\"Ruta de Transito\"   class=\"elementor-repeater-item-02eaa57 td-content-type-default\" >1001170<\/td><td data-label=\"Telefono\"   class=\"elementor-repeater-item-a48cb06 td-content-type-default\" >2237-4000<\/td><\/tr><tr><td data-label=\"Codigo\"   class=\"elementor-repeater-item-51e1cbe td-content-type-default\" >18<\/td><td data-label=\"Banco\"   class=\"elementor-repeater-item-ef7a7c3 td-content-type-default\" >Banco Ficensa<\/td><td data-label=\"Ruta de Transito\"   class=\"elementor-repeater-item-f243fc9 td-content-type-default\" >1001180<\/td><td data-label=\"Telefono\"   class=\"elementor-repeater-item-f8eadbc td-content-type-default\" >2269-2800<\/td><\/tr><tr><td data-label=\"Codigo\"   class=\"elementor-repeater-item-4482b69 td-content-type-default\" >24<\/td><td data-label=\"Banco\"   class=\"elementor-repeater-item-8499387 td-content-type-default\" >BAC Honduras<\/td><td data-label=\"Ruta de Transito\"   class=\"elementor-repeater-item-d8d5a63 td-content-type-default\" >1001240<\/td><td data-label=\"Telefono\"   class=\"elementor-repeater-item-eccd536 td-content-type-default\" >2216-0200<\/td><\/tr><tr><td data-label=\"Codigo\"   class=\"elementor-repeater-item-aa67773 td-content-type-default\" >25<\/td><td data-label=\"Banco\"   class=\"elementor-repeater-item-5d9b9a3 td-content-type-default\" >Banco Promerica<\/td><td data-label=\"Ruta de Transito\"   class=\"elementor-repeater-item-f4e1580 td-content-type-default\" >1001250<\/td><td data-label=\"Telefono\"   class=\"elementor-repeater-item-8cbe024 td-content-type-default\" >2280-8080<\/td><\/tr><tr><td data-label=\"Codigo\"   class=\"elementor-repeater-item-56a62c5 td-content-type-default\" >28<\/td><td data-label=\"Banco\"   class=\"elementor-repeater-item-15f79b9 td-content-type-default\" >Banco Ficohsa<\/td><td data-label=\"Ruta de Transito\"   class=\"elementor-repeater-item-78676c7 td-content-type-default\" >1001280<\/td><td data-label=\"Telefono\"   class=\"elementor-repeater-item-889e81c td-content-type-default\" >2280-1000<\/td><\/tr><tr><td data-label=\"Codigo\"   class=\"elementor-repeater-item-3882079 td-content-type-default\" >30<\/td><td data-label=\"Banco\"   class=\"elementor-repeater-item-f31eda8 td-content-type-default\" >Banco Davivienda<\/td><td data-label=\"Ruta de Transito\"   class=\"elementor-repeater-item-cbb00c0 td-content-type-default\" >1001300<\/td><td data-label=\"Telefono\"   class=\"elementor-repeater-item-ef8bc3a td-content-type-default\" >2240-0909<\/td><\/tr><tr><td data-label=\"Codigo\"   class=\"elementor-repeater-item-0deefa5 td-content-type-default\" >31<\/td><td data-label=\"Banco\"   class=\"elementor-repeater-item-eda50a1 td-content-type-default\" >Banco Desarrollo Rural<\/td><td data-label=\"Ruta de Transito\"   class=\"elementor-repeater-item-bc8350b td-content-type-default\" >1001310<\/td><td data-label=\"Telefono\"   class=\"elementor-repeater-item-0af20cb td-content-type-default\" >2202-7676<\/td><\/tr><tr><td data-label=\"Codigo\"   class=\"elementor-repeater-item-449925e td-content-type-default\" >32<\/td><td data-label=\"Banco\"   class=\"elementor-repeater-item-ce58ab0 td-content-type-default\" >Banco Azteca<\/td><td data-label=\"Ruta de Transito\"   class=\"elementor-repeater-item-ea8e74c td-content-type-default\" >1001320<\/td><td data-label=\"Telefono\"   class=\"elementor-repeater-item-879f3d4 td-content-type-default\" >2280-2088<\/td><\/tr><tr><td data-label=\"Codigo\"   class=\"elementor-repeater-item-14b05cf td-content-type-default\" >33<\/td><td data-label=\"Banco\"   class=\"elementor-repeater-item-2747b96 td-content-type-default\" >Banco Popular<\/td><td data-label=\"Ruta de Transito\"   class=\"elementor-repeater-item-efe463b td-content-type-default\" >1001330<\/td><td data-label=\"Telefono\"   class=\"elementor-repeater-item-bb5352e td-content-type-default\" >2221-5150<\/td><\/tr><tr><td data-label=\"Codigo\"   class=\"elementor-repeater-item-b266dfb td-content-type-default\" >51<\/td><td data-label=\"Banco\"   class=\"elementor-repeater-item-c533e0c td-content-type-default\" >Banco Nacional de Desarrollo Agricola<\/td><td data-label=\"Ruta de Transito\"   class=\"elementor-repeater-item-fc368d1 td-content-type-default\" >1001510<\/td><td data-label=\"Telefono\"   class=\"elementor-repeater-item-f981bd8 td-content-type-default\" >2237-2201<\/td>\t\t\t\t<\/tr>\n\t\t\t<\/tbody>\n\t\t<\/table>\n\t\t\n\t\t\t\t\t\t<\/div>\n\t\t\t\t<\/div>\n\t\t\t\t<div class=\"elementor-element elementor-element-5e7cdca elementor-widget-divider--view-line elementor-widget elementor-widget-divider\" data-id=\"5e7cdca\" data-element_type=\"widget\" data-e-type=\"widget\" data-widget_type=\"divider.default\">\n\t\t\t\t\t\t\t<div class=\"elementor-divider\">\n\t\t\t<span class=\"elementor-divider-separator\">\n\t\t\t\t\t\t<\/span>\n\t\t<\/div>\n\t\t\t\t\t\t<\/div>\n\t\t\t\t<div class=\"elementor-element elementor-element-0c14a87 elementor-widget elementor-widget-Table\" data-id=\"0c14a87\" data-element_type=\"widget\" data-e-type=\"widget\" data-widget_type=\"Table.default\">\n\t\t\t\t<div class=\"elementor-widget-container\">\n\t\t\t\t\t\t\t<table class=\"tafe-table \">\n\t\t\t<thead  class=\"tafe-table-header\">\n\t\t\t\t<tr>\n\t\t\t\t\t<th class=\"elementor-inline-editing elementor-repeater-item-ce2ab50\"   >Codigo<\/th><th class=\"elementor-inline-editing elementor-repeater-item-054acb2\"   >Participante Indirecto<\/th>\t\t\t\t<\/tr>\n\t\t\t<\/thead>\n\t\t\t\t\t\t<tbody class=\"tafe-table-body\">\n\t\t\t\t<tr>\n\t\t\t\t\t<td data-label=\"Codigo\"   class=\"elementor-repeater-item-d45ab03 td-content-type-default\" >0009<\/td><td data-label=\"Participante Indirecto\"   class=\"elementor-repeater-item-d40d040 td-content-type-default\" >COOPERATIVA TAULABE\n<\/td><\/tr><tr><td data-label=\"Codigo\"   class=\"elementor-repeater-item-792e9cd td-content-type-default\" >0012<\/td><td data-label=\"Participante Indirecto\"   class=\"elementor-repeater-item-53917bf td-content-type-default\" >COOPERATIVA CACEENP\n<\/td><\/tr><tr><td data-label=\"Codigo\"   class=\"elementor-repeater-item-4cfcb5f td-content-type-default\" >0016<\/td><td data-label=\"Participante Indirecto\"   class=\"elementor-repeater-item-191465c td-content-type-default\" >COOPERATIVA ELGA\n<\/td><\/tr><tr><td data-label=\"Codigo\"   class=\"elementor-repeater-item-9fac3ed td-content-type-default\" >0055<\/td><td data-label=\"Participante Indirecto\"   class=\"elementor-repeater-item-151a31f td-content-type-default\" >COOPERATIVA CAMPAMENTO\n<\/td><\/tr><tr><td data-label=\"Codigo\"   class=\"elementor-repeater-item-2648f41 td-content-type-default\" >0056<\/td><td data-label=\"Participante Indirecto\"   class=\"elementor-repeater-item-aabb361 td-content-type-default\" >COOPERATIVA SAN MARQUE\u00d1A<\/td><\/tr><tr><td data-label=\"Codigo\"   class=\"elementor-repeater-item-1800b88 td-content-type-default\" >0057<\/td><td data-label=\"Participante Indirecto\"   class=\"elementor-repeater-item-353d56a td-content-type-default\" >COOPERATIVA ARSENAULT\n<\/td><\/tr><tr><td data-label=\"Codigo\"   class=\"elementor-repeater-item-cf2df3f td-content-type-default\" >0058<\/td><td data-label=\"Participante Indirecto\"   class=\"elementor-repeater-item-d770d10 td-content-type-default\" >COOPERATIVA JUTICALPA\n<\/td><\/tr><tr><td data-label=\"Codigo\"   class=\"elementor-repeater-item-2fa57e1 td-content-type-default\" >0059<\/td><td data-label=\"Participante Indirecto\"   class=\"elementor-repeater-item-935edda td-content-type-default\" >COOPERATIVA USULA\n<\/td><\/tr><tr><td data-label=\"Codigo\"   class=\"elementor-repeater-item-51e1cbe td-content-type-default\" >0060<\/td><td data-label=\"Participante Indirecto\"   class=\"elementor-repeater-item-ef7a7c3 td-content-type-default\" >COOPERATIVA GUADALUP\n<\/td><\/tr><tr><td data-label=\"Codigo\"   class=\"elementor-repeater-item-4482b69 td-content-type-default\" >0061<\/td><td data-label=\"Participante Indirecto\"   class=\"elementor-repeater-item-8499387 td-content-type-default\" >COOPERATIVA 15 DE SEPTIEMBRE<\/td><\/tr><tr><td data-label=\"Codigo\"   class=\"elementor-repeater-item-aa67773 td-content-type-default\" >0112<\/td><td data-label=\"Participante Indirecto\"   class=\"elementor-repeater-item-5d9b9a3 td-content-type-default\" >COOPERATIVA COACEHL<\/td><\/tr><tr><td data-label=\"Codigo\"   class=\"elementor-repeater-item-56a62c5 td-content-type-default\" >0253<\/td><td data-label=\"Participante Indirecto\"   class=\"elementor-repeater-item-15f79b9 td-content-type-default\" >COOPERATIVA CEIBE\u00d1A<\/td><\/tr><tr><td data-label=\"Codigo\"   class=\"elementor-repeater-item-3882079 td-content-type-default\" >1003<\/td><td data-label=\"Participante Indirecto\"   class=\"elementor-repeater-item-f31eda8 td-content-type-default\" >COOPERATIVA SAGRADA FAMILIA\n<\/td><\/tr><tr><td data-label=\"Codigo\"   class=\"elementor-repeater-item-0deefa5 td-content-type-default\" >1004<\/td><td data-label=\"Participante Indirecto\"   class=\"elementor-repeater-item-eda50a1 td-content-type-default\" >COOPERATIVA CHOROTEGA<\/td><\/tr><tr><td data-label=\"Codigo\"   class=\"elementor-repeater-item-449925e td-content-type-default\" >1006<\/td><td data-label=\"Participante Indirecto\"   class=\"elementor-repeater-item-ce58ab0 td-content-type-default\" >COOPERATIVA NUEVA VIDA<\/td>\t\t\t\t<\/tr>\n\t\t\t<\/tbody>\n\t\t<\/table>\n\t\t\n\t\t\t\t\t\t<\/div>\n\t\t\t\t<\/div>\n\t\t\t\t<\/div>\n\t\t\t\t\t<\/div>\n\t\t\t\t<\/div>\n\t\t\t\t<\/div>\n\t\t","protected":false},"excerpt":{"rendered":"<p>RUTA DE TRANSITO En cumplimiento del Articulo 4, numeral 15 de las Normas Operativas de la C\u00e1mara de Compensaci\u00f3n de [&hellip;]<\/p>\n","protected":false},"author":1,"featured_media":0,"parent":0,"menu_order":0,"comment_status":"closed","ping_status":"closed","template":"","meta":{"site-sidebar-layout":"no-sidebar","site-content-layout":"","ast-site-content-layout":"full-width-container","site-content-style":"default","site-sidebar-style":"default","ast-global-header-display":"","ast-banner-title-visibility":"","ast-main-header-display":"","ast-hfb-above-header-display":"","ast-hfb-below-header-display":"","ast-hfb-mobile-header-display":"","site-post-title":"disabled","ast-breadcrumbs-content":"","ast-featured-img":"disabled","footer-sml-layout":"","theme-transparent-header-meta":"","adv-header-id-meta":"","stick-header-meta":"","header-above-stick-meta":"","header-main-stick-meta":"","header-below-stick-meta":"","astra-migrate-meta-layouts":"default","ast-page-background-enabled":"default","ast-page-background-meta":{"desktop":{"background-color":"var(--ast-global-color-5)","background-image":"","background-repeat":"repeat","background-position":"center center","background-size":"auto","background-attachment":"scroll","background-type":"","background-media":"","overlay-type":"","overlay-color":"","overlay-opacity":"","overlay-gradient":""},"tablet":{"background-color":"","background-image":"","background-repeat":"repeat","background-position":"center center","background-size":"auto","background-attachment":"scroll","background-type":"","background-media":"","overlay-type":"","overlay-color":"","overlay-opacity":"","overlay-gradient":""},"mobile":{"background-color":"","background-image":"","background-repeat":"repeat","background-position":"center center","background-size":"auto","background-attachment":"scroll","background-type":"","background-media":"","overlay-type":"","overlay-color":"","overlay-opacity":"","overlay-gradient":""}},"ast-content-background-meta":{"desktop":{"background-color":"var(--ast-global-color-4)","background-image":"","background-repeat":"repeat","background-position":"center center","background-size":"auto","background-attachment":"scroll","background-type":"","background-media":"","overlay-type":"","overlay-color":"","overlay-opacity":"","overlay-gradient":""},"tablet":{"background-color":"var(--ast-global-color-4)","background-image":"","background-repeat":"repeat","background-position":"center center","background-size":"auto","background-attachment":"scroll","background-type":"","background-media":"","overlay-type":"","overlay-color":"","overlay-opacity":"","overlay-gradient":""},"mobile":{"background-color":"var(--ast-global-color-4)","background-image":"","background-repeat":"repeat","background-position":"center center","background-size":"auto","background-attachment":"scroll","background-type":"","background-media":"","overlay-type":"","overlay-color":"","overlay-opacity":"","overlay-gradient":""}},"footnotes":""},"class_list":["post-249","page","type-page","status-publish","hentry"],"_links":{"self":[{"href":"https:\/\/ceproban.hn\/index.php\/wp-json\/wp\/v2\/pages\/249","targetHints":{"allow":["GET"]}}],"collection":[{"href":"https:\/\/ceproban.hn\/index.php\/wp-json\/wp\/v2\/pages"}],"about":[{"href":"https:\/\/ceproban.hn\/index.php\/wp-json\/wp\/v2\/types\/page"}],"author":[{"embeddable":true,"href":"https:\/\/ceproban.hn\/index.php\/wp-json\/wp\/v2\/users\/1"}],"replies":[{"embeddable":true,"href":"https:\/\/ceproban.hn\/index.php\/wp-json\/wp\/v2\/comments?post=249"}],"version-history":[{"count":13,"href":"https:\/\/ceproban.hn\/index.php\/wp-json\/wp\/v2\/pages\/249\/revisions"}],"predecessor-version":[{"id":351,"href":"https:\/\/ceproban.hn\/index.php\/wp-json\/wp\/v2\/pages\/249\/revisions\/351"}],"wp:attachment":[{"href":"https:\/\/ceproban.hn\/index.php\/wp-json\/wp\/v2\/media?parent=249"}],"curies":[{"name":"wp","href":"https:\/\/api.w.org\/{rel}","templated":true}]}}