{"id":120,"date":"2025-10-10T09:07:03","date_gmt":"2025-10-10T09:07:03","guid":{"rendered":"https:\/\/ceproban.hn\/?page_id=120"},"modified":"2025-11-04T06:06:07","modified_gmt":"2025-11-04T06:06:07","slug":"nosotros","status":"publish","type":"page","link":"https:\/\/ceproban.hn\/index.php\/nosotros\/","title":{"rendered":"Nosotros"},"content":{"rendered":"\t\t<div data-elementor-type=\"wp-page\" data-elementor-id=\"120\" class=\"elementor elementor-120\" data-elementor-post-type=\"page\">\n\t\t\t\t<div class=\"elementor-element elementor-element-faa066e e-flex e-con-boxed e-con e-parent\" data-id=\"faa066e\" data-element_type=\"container\" data-e-type=\"container\" data-settings=\"{&quot;background_background&quot;:&quot;classic&quot;}\">\n\t\t\t\t\t<div class=\"e-con-inner\">\n\t\t\t\t<div class=\"elementor-element elementor-element-e833460 elementor-widget elementor-widget-spacer\" data-id=\"e833460\" data-element_type=\"widget\" data-e-type=\"widget\" data-widget_type=\"spacer.default\">\n\t\t\t\t\t\t\t<div class=\"elementor-spacer\">\n\t\t\t<div class=\"elementor-spacer-inner\"><\/div>\n\t\t<\/div>\n\t\t\t\t\t\t<\/div>\n\t\t\t\t<div class=\"elementor-element elementor-element-888111e elementor-widget elementor-widget-heading\" data-id=\"888111e\" data-element_type=\"widget\" data-e-type=\"widget\" data-widget_type=\"heading.default\">\n\t\t\t\t\t<h1 class=\"elementor-heading-title elementor-size-default\">Sobre Nosotros<\/h1>\t\t\t\t<\/div>\n\t\t<div class=\"elementor-element elementor-element-c426fe6 e-flex e-con-boxed e-con e-child\" data-id=\"c426fe6\" data-element_type=\"container\" data-e-type=\"container\">\n\t\t\t\t\t<div class=\"e-con-inner\">\n\t\t\t\t<div class=\"elementor-element elementor-element-326f4c3 elementor-invisible elementor-widget elementor-widget-text-editor\" data-id=\"326f4c3\" data-element_type=\"widget\" data-e-type=\"widget\" data-settings=\"{&quot;_animation&quot;:&quot;fadeInDown&quot;}\" data-widget_type=\"text-editor.default\">\n\t\t\t\t\t\t\t\t\t<p>Somos el Centro de Procesamiento Interbancario de Honduras. Proveemos infraestructura tecnol\u00f3gica segura, eficiente y confiable para la interoperabilidad del sistema financiero del pa\u00eds.<\/p>\t\t\t\t\t\t\t\t<\/div>\n\t\t\t\t\t<\/div>\n\t\t\t\t<\/div>\n\t\t\t\t<div class=\"elementor-element elementor-element-39ea142 animated-slow elementor-align-center elementor-invisible elementor-widget elementor-widget-button\" data-id=\"39ea142\" data-element_type=\"widget\" data-e-type=\"widget\" data-settings=\"{&quot;_animation&quot;:&quot;fadeInLeft&quot;}\" data-widget_type=\"button.default\">\n\t\t\t\t\t\t\t\t\t\t<a class=\"elementor-button elementor-button-link elementor-size-sm\" href=\"http:\/\/172.174.225.98\/index.php\/servicios\/\" target=\"_blank\">\n\t\t\t\t\t\t<span class=\"elementor-button-content-wrapper\">\n\t\t\t\t\t\t\t\t\t<span class=\"elementor-button-text\">Conoce Nuestros Servicios <\/span>\n\t\t\t\t\t<\/span>\n\t\t\t\t\t<\/a>\n\t\t\t\t\t\t\t\t<\/div>\n\t\t<div class=\"elementor-element elementor-element-36a3d7a e-con-full e-flex e-con e-child\" data-id=\"36a3d7a\" data-element_type=\"container\" data-e-type=\"container\">\n\t\t\t\t<\/div>\n\t\t\t\t\t<\/div>\n\t\t\t\t<\/div>\n\t\t<div class=\"elementor-element elementor-element-a88f2f1 e-flex e-con-boxed e-con e-parent\" data-id=\"a88f2f1\" data-element_type=\"container\" data-e-type=\"container\">\n\t\t\t\t\t<div class=\"e-con-inner\">\n\t\t\t\t<div class=\"elementor-element elementor-element-85096f4 elementor-widget elementor-widget-spacer\" data-id=\"85096f4\" data-element_type=\"widget\" data-e-type=\"widget\" data-widget_type=\"spacer.default\">\n\t\t\t\t\t\t\t<div class=\"elementor-spacer\">\n\t\t\t<div class=\"elementor-spacer-inner\"><\/div>\n\t\t<\/div>\n\t\t\t\t\t\t<\/div>\n\t\t\t\t<div class=\"elementor-element elementor-element-ad7dfc1 elementor-invisible elementor-widget elementor-widget-heading\" data-id=\"ad7dfc1\" data-element_type=\"widget\" data-e-type=\"widget\" data-settings=\"{&quot;_animation&quot;:&quot;fadeInDown&quot;}\" data-widget_type=\"heading.default\">\n\t\t\t\t\t<h2 class=\"elementor-heading-title elementor-size-default\">Nuestra Historia<\/h2>\t\t\t\t<\/div>\n\t\t\t\t<div class=\"elementor-element elementor-element-80ccb5e elementor-invisible elementor-widget elementor-widget-text-editor\" data-id=\"80ccb5e\" data-element_type=\"widget\" data-e-type=\"widget\" data-settings=\"{&quot;_animation&quot;:&quot;fadeIn&quot;}\" data-widget_type=\"text-editor.default\">\n\t\t\t\t\t\t\t\t\t<p class=\"p1\">CEPROBAN naci\u00f3 en marzo de 2001 como una iniciativa conjunta de los principales bancos del sistema financiero hondure\u00f1o, con el prop\u00f3sito de fortalecer, modernizar y hacer m\u00e1s eficiente la infraestructura de pagos del pa\u00eds. Desde su origen, la instituci\u00f3n asumi\u00f3 el compromiso de impulsar la innovaci\u00f3n tecnol\u00f3gica en los servicios financieros, contribuyendo al desarrollo y estabilidad del sistema bancario nacional.<\/p><p class=\"p1\">Ese mismo a\u00f1o inici\u00f3 operaciones con la puesta en marcha de la C\u00e1mara de Compensaci\u00f3n Electr\u00f3nica de Cheques, convirti\u00e9ndose en un referente en la transformaci\u00f3n digital del sector financiero hondure\u00f1o. Este servicio permiti\u00f3 procesar, de forma centralizada y segura, las operaciones de diversas instituciones bancarias y gubernamentales, optimizando los tiempos y la precisi\u00f3n de las transacciones.<\/p><p class=\"p1\">Con el paso de los a\u00f1os, CEPROBAN ampli\u00f3 su portafolio de servicios, incorporando el procesamiento de transferencias electr\u00f3nicas de cr\u00e9ditos y d\u00e9bitos a nivel nacional. Esta evoluci\u00f3n marc\u00f3 un avance significativo hacia la digitalizaci\u00f3n integral de los pagos en el pa\u00eds, brindando soluciones m\u00e1s \u00e1giles, confiables y seguras a las instituciones participantes.<\/p><p class=\"p1\">En 2017, reafirmando su liderazgo en innovaci\u00f3n tecnol\u00f3gica, CEPROBAN lanz\u00f3 <b>ACH Pronto<\/b>, un servicio de transferencias electr\u00f3nicas inmediatas que permite realizar operaciones entre cuentas de diferentes bancos en cuesti\u00f3n de segundos. Este hito represent\u00f3 un salto cualitativo en la eficiencia del sistema de pagos, ofreciendo a los usuarios una experiencia moderna, segura y confidencial.<\/p><p class=\"p1\">Actualmente, CEPROBAN administra el sistema nacional de pagos, incluyendo la C\u00e1mara de Compensaci\u00f3n de Transacciones Electr\u00f3nicas, bajo la autorizaci\u00f3n y supervisi\u00f3n del Banco Central de Honduras. La instituci\u00f3n contin\u00faa invirtiendo en tecnolog\u00eda, seguridad e infraestructura cr\u00edtica, asegurando la continuidad operativa, la confianza y la estabilidad de los servicios financieros que conectan a todo el pa\u00eds.<\/p><div class=\"grid md:grid-cols-4 gap-6\" data-source-pos=\"47:10-61:16\" data-source-name=\"div\"><div class=\"rounded-lg border bg-card text-card-foreground shadow-sm border-blue-100\" data-source-pos=\"54:14-59:21\" data-source-name=\"Card\"><div class=\"p-6\" data-source-pos=\"55:16-58:30\" data-source-name=\"CardContent\">\u00a0<\/div><\/div><\/div>\t\t\t\t\t\t\t\t<\/div>\n\t\t\t\t\t<\/div>\n\t\t\t\t<\/div>\n\t\t<div class=\"elementor-element elementor-element-04234cd e-flex e-con-boxed e-con e-parent\" data-id=\"04234cd\" data-element_type=\"container\" data-e-type=\"container\">\n\t\t\t\t\t<div class=\"e-con-inner\">\n\t\t\t\t<div class=\"elementor-element elementor-element-b8e161b elementor-widget elementor-widget-spacer\" data-id=\"b8e161b\" data-element_type=\"widget\" data-e-type=\"widget\" data-widget_type=\"spacer.default\">\n\t\t\t\t\t\t\t<div class=\"elementor-spacer\">\n\t\t\t<div class=\"elementor-spacer-inner\"><\/div>\n\t\t<\/div>\n\t\t\t\t\t\t<\/div>\n\t\t\t\t\t<\/div>\n\t\t\t\t<\/div>\n\t\t<div class=\"elementor-element elementor-element-cc05dac e-flex e-con-boxed e-con e-parent\" data-id=\"cc05dac\" data-element_type=\"container\" data-e-type=\"container\">\n\t\t\t\t\t<div class=\"e-con-inner\">\n\t\t<div class=\"elementor-element elementor-element-936ea75 e-flex e-con-boxed elementor-invisible e-con e-child\" data-id=\"936ea75\" data-element_type=\"container\" data-e-type=\"container\" data-settings=\"{&quot;animation&quot;:&quot;fadeInLeft&quot;}\">\n\t\t\t\t\t<div class=\"e-con-inner\">\n\t\t\t\t<div class=\"elementor-element elementor-element-47fec79 elementor-widget elementor-widget-spacer\" data-id=\"47fec79\" data-element_type=\"widget\" data-e-type=\"widget\" data-widget_type=\"spacer.default\">\n\t\t\t\t\t\t\t<div class=\"elementor-spacer\">\n\t\t\t<div class=\"elementor-spacer-inner\"><\/div>\n\t\t<\/div>\n\t\t\t\t\t\t<\/div>\n\t\t\t\t<div class=\"elementor-element elementor-element-9661213 elementor-view-default elementor-widget elementor-widget-icon\" data-id=\"9661213\" data-element_type=\"widget\" data-e-type=\"widget\" data-widget_type=\"icon.default\">\n\t\t\t\t\t\t\t<div class=\"elementor-icon-wrapper\">\n\t\t\t<div class=\"elementor-icon\">\n\t\t\t<svg aria-hidden=\"true\" class=\"e-font-icon-svg e-fas-shield-alt\" viewBox=\"0 0 512 512\" xmlns=\"http:\/\/www.w3.org\/2000\/svg\"><path d=\"M466.5 83.7l-192-80a48.15 48.15 0 0 0-36.9 0l-192 80C27.7 91.1 16 108.6 16 128c0 198.5 114.5 335.7 221.5 380.3 11.8 4.9 25.1 4.9 36.9 0C360.1 472.6 496 349.3 496 128c0-19.4-11.7-36.9-29.5-44.3zM256.1 446.3l-.1-381 175.9 73.3c-3.3 151.4-82.1 261.1-175.8 307.7z\"><\/path><\/svg>\t\t\t<\/div>\n\t\t<\/div>\n\t\t\t\t\t\t<\/div>\n\t\t\t\t<div class=\"elementor-element elementor-element-ce5710f elementor-widget elementor-widget-heading\" data-id=\"ce5710f\" data-element_type=\"widget\" data-e-type=\"widget\" data-widget_type=\"heading.default\">\n\t\t\t\t\t<h2 class=\"elementor-heading-title elementor-size-default\">Misi\u00f3n<\/h2>\t\t\t\t<\/div>\n\t\t\t\t<div class=\"elementor-element elementor-element-7968be3 elementor-widget elementor-widget-text-editor\" data-id=\"7968be3\" data-element_type=\"widget\" data-e-type=\"widget\" data-widget_type=\"text-editor.default\">\n\t\t\t\t\t\t\t\t\t<p>Ser proveedor competitivo, efectivo autosuficiente y generador del valor en los procesos de creaci\u00f3n de soluciones, compensaci\u00f3n, transferencias electr\u00f3nicas, servicios de telecomunicaciones y soporte operativo, seguros y confiables al sector financiero, as\u00ed como participar en los proyectos que la banca recomienda.<\/p>\t\t\t\t\t\t\t\t<\/div>\n\t\t\t\t<div class=\"elementor-element elementor-element-31083b3 elementor-widget elementor-widget-spacer\" data-id=\"31083b3\" data-element_type=\"widget\" data-e-type=\"widget\" data-widget_type=\"spacer.default\">\n\t\t\t\t\t\t\t<div class=\"elementor-spacer\">\n\t\t\t<div class=\"elementor-spacer-inner\"><\/div>\n\t\t<\/div>\n\t\t\t\t\t\t<\/div>\n\t\t\t\t\t<\/div>\n\t\t\t\t<\/div>\n\t\t<div class=\"elementor-element elementor-element-6f6850d e-con-full e-flex elementor-invisible e-con e-child\" data-id=\"6f6850d\" data-element_type=\"container\" data-e-type=\"container\" data-settings=\"{&quot;animation&quot;:&quot;fadeIn&quot;}\">\n\t\t\t\t<div class=\"elementor-element elementor-element-ef8d233 elementor-widget elementor-widget-spacer\" data-id=\"ef8d233\" data-element_type=\"widget\" data-e-type=\"widget\" data-widget_type=\"spacer.default\">\n\t\t\t\t\t\t\t<div class=\"elementor-spacer\">\n\t\t\t<div class=\"elementor-spacer-inner\"><\/div>\n\t\t<\/div>\n\t\t\t\t\t\t<\/div>\n\t\t\t\t<div class=\"elementor-element elementor-element-ea0a160 elementor-view-default elementor-widget elementor-widget-icon\" data-id=\"ea0a160\" data-element_type=\"widget\" data-e-type=\"widget\" data-widget_type=\"icon.default\">\n\t\t\t\t\t\t\t<div class=\"elementor-icon-wrapper\">\n\t\t\t<div class=\"elementor-icon\">\n\t\t\t<svg aria-hidden=\"true\" class=\"e-font-icon-svg e-fas-landmark\" viewBox=\"0 0 512 512\" xmlns=\"http:\/\/www.w3.org\/2000\/svg\"><path d=\"M501.62 92.11L267.24 2.04a31.958 31.958 0 0 0-22.47 0L10.38 92.11A16.001 16.001 0 0 0 0 107.09V144c0 8.84 7.16 16 16 16h480c8.84 0 16-7.16 16-16v-36.91c0-6.67-4.14-12.64-10.38-14.98zM64 192v160H48c-8.84 0-16 7.16-16 16v48h448v-48c0-8.84-7.16-16-16-16h-16V192h-64v160h-96V192h-64v160h-96V192H64zm432 256H16c-8.84 0-16 7.16-16 16v32c0 8.84 7.16 16 16 16h480c8.84 0 16-7.16 16-16v-32c0-8.84-7.16-16-16-16z\"><\/path><\/svg>\t\t\t<\/div>\n\t\t<\/div>\n\t\t\t\t\t\t<\/div>\n\t\t\t\t<div class=\"elementor-element elementor-element-b242a86 elementor-widget elementor-widget-heading\" data-id=\"b242a86\" data-element_type=\"widget\" data-e-type=\"widget\" data-widget_type=\"heading.default\">\n\t\t\t\t\t<h2 class=\"elementor-heading-title elementor-size-default\">Visi\u00f3n<\/h2>\t\t\t\t<\/div>\n\t\t\t\t<div class=\"elementor-element elementor-element-b619add elementor-widget elementor-widget-text-editor\" data-id=\"b619add\" data-element_type=\"widget\" data-e-type=\"widget\" data-widget_type=\"text-editor.default\">\n\t\t\t\t\t\t\t\t\t<div class=\"rounded-lg border bg-card text-card-foreground shadow-sm text-center\" data-source-pos=\"75:10-81:17\" data-source-name=\"Card\"><div class=\"p-8\" data-source-pos=\"76:12-80:26\" data-source-name=\"CardContent\"><p class=\"text-gray-700\" data-source-pos=\"79:14-79:175\" data-source-name=\"p\"><span style=\"font-style: inherit; font-weight: inherit;\">Ser la plataforma l\u00edder en pagos digitales e interoperabilidad en Honduras, reconocida por su innovaci\u00f3n, excelencia operativa y compromiso con la modernizaci\u00f3n del sistema financiero nacional. Aspiramos a consolidarnos como un referente regional en el desarrollo de soluciones tecnol\u00f3gicas seguras, eficientes y sostenibles.<\/span><\/p><\/div><\/div>\t\t\t\t\t\t\t\t<\/div>\n\t\t\t\t<div class=\"elementor-element elementor-element-8caa88a elementor-widget elementor-widget-spacer\" data-id=\"8caa88a\" data-element_type=\"widget\" data-e-type=\"widget\" data-widget_type=\"spacer.default\">\n\t\t\t\t\t\t\t<div class=\"elementor-spacer\">\n\t\t\t<div class=\"elementor-spacer-inner\"><\/div>\n\t\t<\/div>\n\t\t\t\t\t\t<\/div>\n\t\t\t\t<\/div>\n\t\t<div class=\"elementor-element elementor-element-36907d2 e-con-full e-flex elementor-invisible e-con e-child\" data-id=\"36907d2\" data-element_type=\"container\" data-e-type=\"container\" data-settings=\"{&quot;animation&quot;:&quot;fadeInRight&quot;}\">\n\t\t\t\t<div class=\"elementor-element elementor-element-b7c3636 elementor-widget elementor-widget-spacer\" data-id=\"b7c3636\" data-element_type=\"widget\" data-e-type=\"widget\" data-widget_type=\"spacer.default\">\n\t\t\t\t\t\t\t<div class=\"elementor-spacer\">\n\t\t\t<div class=\"elementor-spacer-inner\"><\/div>\n\t\t<\/div>\n\t\t\t\t\t\t<\/div>\n\t\t\t\t<div class=\"elementor-element elementor-element-937b56e elementor-view-default elementor-widget elementor-widget-icon\" data-id=\"937b56e\" data-element_type=\"widget\" data-e-type=\"widget\" data-widget_type=\"icon.default\">\n\t\t\t\t\t\t\t<div class=\"elementor-icon-wrapper\">\n\t\t\t<div class=\"elementor-icon\">\n\t\t\t<svg aria-hidden=\"true\" class=\"e-font-icon-svg e-fas-handshake\" viewBox=\"0 0 640 512\" xmlns=\"http:\/\/www.w3.org\/2000\/svg\"><path d=\"M434.7 64h-85.9c-8 0-15.7 3-21.6 8.4l-98.3 90c-.1.1-.2.3-.3.4-16.6 15.6-16.3 40.5-2.1 56 12.7 13.9 39.4 17.6 56.1 2.7.1-.1.3-.1.4-.2l79.9-73.2c6.5-5.9 16.7-5.5 22.6 1 6 6.5 5.5 16.6-1 22.6l-26.1 23.9L504 313.8c2.9 2.4 5.5 5 7.9 7.7V128l-54.6-54.6c-5.9-6-14.1-9.4-22.6-9.4zM544 128.2v223.9c0 17.7 14.3 32 32 32h64V128.2h-96zm48 223.9c-8.8 0-16-7.2-16-16s7.2-16 16-16 16 7.2 16 16-7.2 16-16 16zM0 384h64c17.7 0 32-14.3 32-32V128.2H0V384zm48-63.9c8.8 0 16 7.2 16 16s-7.2 16-16 16-16-7.2-16-16c0-8.9 7.2-16 16-16zm435.9 18.6L334.6 217.5l-30 27.5c-29.7 27.1-75.2 24.5-101.7-4.4-26.9-29.4-24.8-74.9 4.4-101.7L289.1 64h-83.8c-8.5 0-16.6 3.4-22.6 9.4L128 128v223.9h18.3l90.5 81.9c27.4 22.3 67.7 18.1 90-9.3l.2-.2 17.9 15.5c15.9 13 39.4 10.5 52.3-5.4l31.4-38.6 5.4 4.4c13.7 11.1 33.9 9.1 45-4.7l9.5-11.7c11.2-13.8 9.1-33.9-4.6-45.1z\"><\/path><\/svg>\t\t\t<\/div>\n\t\t<\/div>\n\t\t\t\t\t\t<\/div>\n\t\t\t\t<div class=\"elementor-element elementor-element-9551a66 elementor-widget elementor-widget-heading\" data-id=\"9551a66\" data-element_type=\"widget\" data-e-type=\"widget\" data-widget_type=\"heading.default\">\n\t\t\t\t\t<h2 class=\"elementor-heading-title elementor-size-default\">Valores<\/h2>\t\t\t\t<\/div>\n\t\t\t\t<div class=\"elementor-element elementor-element-59cac2b elementor-widget elementor-widget-text-editor\" data-id=\"59cac2b\" data-element_type=\"widget\" data-e-type=\"widget\" data-widget_type=\"text-editor.default\">\n\t\t\t\t\t\t\t\t\t<p>\u2714 Integridad<\/p><p>\u2714 Transparencia<\/p><p>\u2714 Innovaci\u00f3n<\/p><p>\u2714 Eficiencia<\/p><p>\u2714 Compromiso<\/p>\t\t\t\t\t\t\t\t<\/div>\n\t\t\t\t<div class=\"elementor-element elementor-element-f9bc29f elementor-widget elementor-widget-spacer\" data-id=\"f9bc29f\" data-element_type=\"widget\" data-e-type=\"widget\" data-widget_type=\"spacer.default\">\n\t\t\t\t\t\t\t<div class=\"elementor-spacer\">\n\t\t\t<div class=\"elementor-spacer-inner\"><\/div>\n\t\t<\/div>\n\t\t\t\t\t\t<\/div>\n\t\t\t\t<\/div>\n\t\t\t\t\t<\/div>\n\t\t\t\t<\/div>\n\t\t<div class=\"elementor-element elementor-element-1180725 e-flex e-con-boxed e-con e-parent\" data-id=\"1180725\" data-element_type=\"container\" data-e-type=\"container\">\n\t\t\t\t\t<div class=\"e-con-inner\">\n\t\t\t\t<div class=\"elementor-element elementor-element-ae1899d elementor-widget elementor-widget-spacer\" data-id=\"ae1899d\" data-element_type=\"widget\" data-e-type=\"widget\" data-widget_type=\"spacer.default\">\n\t\t\t\t\t\t\t<div class=\"elementor-spacer\">\n\t\t\t<div class=\"elementor-spacer-inner\"><\/div>\n\t\t<\/div>\n\t\t\t\t\t\t<\/div>\n\t\t\t\t\t<\/div>\n\t\t\t\t<\/div>\n\t\t<div class=\"elementor-element elementor-element-c48edaf e-con-full e-flex e-con e-parent\" data-id=\"c48edaf\" data-element_type=\"container\" data-e-type=\"container\">\n\t\t\t\t<div class=\"elementor-element elementor-element-728fe48 elementor-widget elementor-widget-spacer\" data-id=\"728fe48\" data-element_type=\"widget\" data-e-type=\"widget\" data-widget_type=\"spacer.default\">\n\t\t\t\t\t\t\t<div class=\"elementor-spacer\">\n\t\t\t<div class=\"elementor-spacer-inner\"><\/div>\n\t\t<\/div>\n\t\t\t\t\t\t<\/div>\n\t\t<div class=\"elementor-element elementor-element-54e73cb e-con-full e-flex elementor-invisible e-con e-child\" data-id=\"54e73cb\" data-element_type=\"container\" data-e-type=\"container\" data-settings=\"{&quot;animation&quot;:&quot;fadeIn&quot;}\">\n\t\t\t\t<div class=\"elementor-element elementor-element-08dd937 elementor-widget elementor-widget-heading\" data-id=\"08dd937\" data-element_type=\"widget\" data-e-type=\"widget\" data-widget_type=\"heading.default\">\n\t\t\t\t\t<h2 class=\"elementor-heading-title elementor-size-default\"><h2 data-source-pos=\"136:12-136:93\" data-source-name=\"h2\" style=\"margin-bottom: 16px;border-style: solid;font-size: 30px;line-height: 1.2;--tw-font-weight: 700;, Arial, sans-serif;font-style: normal\">Responsabilidad Social<span style=\"font-size: 1.875rem;font-style: inherit;font-family: Roboto, sans-serif\"><\/span><\/h2><\/h2>\t\t\t\t<\/div>\n\t\t\t\t<div class=\"elementor-element elementor-element-fdb4810 elementor-widget elementor-widget-text-editor\" data-id=\"fdb4810\" data-element_type=\"widget\" data-e-type=\"widget\" data-widget_type=\"text-editor.default\">\n\t\t\t\t\t\t\t\t\t<p class=\"text-gray-700 mb-6\" data-source-pos=\"137:12-137:221\" data-source-name=\"p\">Impulsamos iniciativas de educaci\u00f3n financiera, sostenibilidad tecnol\u00f3gica y capacitaci\u00f3n continua, promoviendo un ecosistema digital m\u00e1s inclusivo y seguro para Honduras.<\/p><ul class=\"list-disc pl-5 space-y-2 text-gray-700\" data-source-pos=\"138:12-142:17\" data-source-name=\"ul\"><li data-source-pos=\"139:14-139:56\" data-source-name=\"li\">Programas de educaci\u00f3n financiera<\/li><li data-source-pos=\"140:14-140:52\" data-source-name=\"li\">Inclusi\u00f3n digital y seguridad<\/li><li data-source-pos=\"141:14-141:61\" data-source-name=\"li\">Capacitaci\u00f3n a instituciones y aliados<\/li><\/ul>\t\t\t\t\t\t\t\t<\/div>\n\t\t\t\t<\/div>\n\t\t<div class=\"elementor-element elementor-element-c117c05 e-con-full e-flex elementor-invisible e-con e-child\" data-id=\"c117c05\" data-element_type=\"container\" data-e-type=\"container\" data-settings=\"{&quot;animation&quot;:&quot;fadeInRight&quot;}\">\n\t\t\t\t<div class=\"elementor-element elementor-element-f859b25 elementor-widget elementor-widget-image\" data-id=\"f859b25\" data-element_type=\"widget\" data-e-type=\"widget\" data-widget_type=\"image.default\">\n\t\t\t\t\t\t\t\t\t\t\t\t\t\t\t<img fetchpriority=\"high\" decoding=\"async\" width=\"640\" height=\"427\" src=\"https:\/\/ceproban.hn\/wp-content\/uploads\/2025\/10\/PAGOQR2.jpg\" class=\"attachment-large size-large wp-image-138\" alt=\"\" srcset=\"https:\/\/ceproban.hn\/wp-content\/uploads\/2025\/10\/PAGOQR2.jpg 640w, https:\/\/ceproban.hn\/wp-content\/uploads\/2025\/10\/PAGOQR2-300x200.jpg 300w\" sizes=\"(max-width: 640px) 100vw, 640px\" \/>\t\t\t\t\t\t\t\t\t\t\t\t\t\t\t<\/div>\n\t\t\t\t<\/div>\n\t\t\t\t<\/div>\n\t\t\t\t<\/div>\n\t\t","protected":false},"excerpt":{"rendered":"<p>Sobre Nosotros Somos el Centro de Procesamiento Interbancario de Honduras. Proveemos infraestructura tecnol\u00f3gica segura, eficiente y confiable para la interoperabilidad [&hellip;]<\/p>\n","protected":false},"author":1,"featured_media":0,"parent":0,"menu_order":0,"comment_status":"closed","ping_status":"closed","template":"elementor_header_footer","meta":{"site-sidebar-layout":"no-sidebar","site-content-layout":"","ast-site-content-layout":"full-width-container","site-content-style":"default","site-sidebar-style":"default","ast-global-header-display":"","ast-banner-title-visibility":"","ast-main-header-display":"","ast-hfb-above-header-display":"","ast-hfb-below-header-display":"","ast-hfb-mobile-header-display":"","site-post-title":"","ast-breadcrumbs-content":"","ast-featured-img":"disabled","footer-sml-layout":"","theme-transparent-header-meta":"","adv-header-id-meta":"","stick-header-meta":"","header-above-stick-meta":"","header-main-stick-meta":"","header-below-stick-meta":"","astra-migrate-meta-layouts":"default","ast-page-background-enabled":"default","ast-page-background-meta":{"desktop":{"background-color":"var(--ast-global-color-5)","background-image":"","background-repeat":"repeat","background-position":"center center","background-size":"auto","background-attachment":"scroll","background-type":"","background-media":"","overlay-type":"","overlay-color":"","overlay-opacity":"","overlay-gradient":""},"tablet":{"background-color":"","background-image":"","background-repeat":"repeat","background-position":"center center","background-size":"auto","background-attachment":"scroll","background-type":"","background-media":"","overlay-type":"","overlay-color":"","overlay-opacity":"","overlay-gradient":""},"mobile":{"background-color":"","background-image":"","background-repeat":"repeat","background-position":"center center","background-size":"auto","background-attachment":"scroll","background-type":"","background-media":"","overlay-type":"","overlay-color":"","overlay-opacity":"","overlay-gradient":""}},"ast-content-background-meta":{"desktop":{"background-color":"var(--ast-global-color-4)","background-image":"","background-repeat":"repeat","background-position":"center center","background-size":"auto","background-attachment":"scroll","background-type":"","background-media":"","overlay-type":"","overlay-color":"","overlay-opacity":"","overlay-gradient":""},"tablet":{"background-color":"var(--ast-global-color-4)","background-image":"","background-repeat":"repeat","background-position":"center center","background-size":"auto","background-attachment":"scroll","background-type":"","background-media":"","overlay-type":"","overlay-color":"","overlay-opacity":"","overlay-gradient":""},"mobile":{"background-color":"var(--ast-global-color-4)","background-image":"","background-repeat":"repeat","background-position":"center center","background-size":"auto","background-attachment":"scroll","background-type":"","background-media":"","overlay-type":"","overlay-color":"","overlay-opacity":"","overlay-gradient":""}},"footnotes":""},"class_list":["post-120","page","type-page","status-publish","hentry"],"_links":{"self":[{"href":"https:\/\/ceproban.hn\/index.php\/wp-json\/wp\/v2\/pages\/120","targetHints":{"allow":["GET"]}}],"collection":[{"href":"https:\/\/ceproban.hn\/index.php\/wp-json\/wp\/v2\/pages"}],"about":[{"href":"https:\/\/ceproban.hn\/index.php\/wp-json\/wp\/v2\/types\/page"}],"author":[{"embeddable":true,"href":"https:\/\/ceproban.hn\/index.php\/wp-json\/wp\/v2\/users\/1"}],"replies":[{"embeddable":true,"href":"https:\/\/ceproban.hn\/index.php\/wp-json\/wp\/v2\/comments?post=120"}],"version-history":[{"count":25,"href":"https:\/\/ceproban.hn\/index.php\/wp-json\/wp\/v2\/pages\/120\/revisions"}],"predecessor-version":[{"id":307,"href":"https:\/\/ceproban.hn\/index.php\/wp-json\/wp\/v2\/pages\/120\/revisions\/307"}],"wp:attachment":[{"href":"https:\/\/ceproban.hn\/index.php\/wp-json\/wp\/v2\/media?parent=120"}],"curies":[{"name":"wp","href":"https:\/\/api.w.org\/{rel}","templated":true}]}}